{"id":343734,"date":"2025-12-20T21:27:51","date_gmt":"2025-12-20T20:27:51","guid":{"rendered":"https:\/\/www.farabrodnica.pl\/wordpress\/?page_id=343734"},"modified":"2026-02-07T12:33:05","modified_gmt":"2026-02-07T11:33:05","slug":"plan-koled-2025-2026","status":"publish","type":"page","link":"http:\/\/www.farabrodnica.pl\/wordpress\/plan-koled-2025-2026\/","title":{"rendered":"PLAN KOL\u0118D 2025 &#8211; 2026"},"content":{"rendered":"\t\t<div data-elementor-type=\"wp-page\" data-elementor-id=\"343734\" class=\"elementor elementor-343734\" data-elementor-post-type=\"page\">\n\t\t\t\t\t\t<section class=\"elementor-section elementor-top-section elementor-element elementor-element-86d25eb elementor-section-boxed elementor-section-height-default elementor-section-height-default\" data-id=\"86d25eb\" data-element_type=\"section\" data-settings=\"{&quot;_ha_eqh_enable&quot;:false}\">\n\t\t\t\t\t\t<div class=\"elementor-container elementor-column-gap-default\">\n\t\t\t\t\t<div class=\"elementor-column elementor-col-100 elementor-top-column elementor-element elementor-element-f67adb6\" data-id=\"f67adb6\" data-element_type=\"column\">\n\t\t\t<div class=\"elementor-widget-wrap elementor-element-populated\">\n\t\t\t\t\t\t<div class=\"elementor-element elementor-element-e327b9a elementor-widget elementor-widget-text-editor\" data-id=\"e327b9a\" data-element_type=\"widget\" data-widget_type=\"text-editor.default\">\n\t\t\t\t<div class=\"elementor-widget-container\">\n\t\t\t\t\t\t\t<p><span style=\"font-size: 20px;\"><strong>GODZINY KOL\u0118DOWANIA<\/strong><\/span><\/p><p><span style=\"color: #ff0000;\">PONIEDZIA\u0141EK &#8211; PI\u0104TEK &#8211; od godziny 16:00<\/span><\/p><p><span style=\"color: #ff0000;\">SOBOTA, NIEDZIELA i \u015aWI\u0118TA &#8211; od godziny 14:00<\/span><\/p><p>\u00a0<\/p><p style=\"font-weight: 400;\"><span style=\"color: #000080;\"><strong>27.12.2025 r. \u2013 Sobota <\/strong><\/span><\/p><ol><li><span style=\"color: #003300;\"><del>Lidzbarska od 1A \u2013 29 + 12, 14a, 16,18, 18a)<\/del><\/span><\/li><li style=\"font-weight: 400;\"><span style=\"color: #003300;\"><del>M\u0142y\u0144ska i Lidzbarska od 48 \u2013 20 + 45 &#8211; TARTAK<\/del><\/span><\/li><li style=\"font-weight: 400;\"><span style=\"color: #003300;\"><del>Lidzbarska 49 &#8211; 68 (do tor\u00f3w kolejowych)<\/del><\/span><\/li><li style=\"font-weight: 400;\"><span style=\"color: #003300;\"><del>Lidzbarska za torami od 61 i Krajobrazowa<\/del><\/span><\/li><\/ol><p style=\"font-weight: 400;\"><span style=\"color: #ff0000;\"><strong>28.12.2025 r. \u2013 Niedziela<\/strong><\/span><\/p><ol><li style=\"font-weight: 400;\"><del><span style=\"color: #ff0000;\">Skrajna i Kra\u0144cowa<\/span><\/del><\/li><li style=\"font-weight: 400;\"><del><span style=\"color: #ff0000;\">Bobrowiska<\/span><\/del><\/li><li style=\"font-weight: 400;\"><del><span style=\"color: #ff0000;\">Boczna za torami<\/span><\/del><\/li><li style=\"font-weight: 400;\"><del><span style=\"color: #ff0000;\">Boczna do tor\u00f3w i \u0141\u0105kowa<\/span><\/del><\/li><li style=\"font-weight: 400;\"><del><span style=\"color: #ff0000;\">Sienkiewicza 2<\/span><\/del><\/li><\/ol><p style=\"font-weight: 400;\"><strong>29.12.2025 r. \u2013 Poniedzia\u0142ek<\/strong><\/p><ol><li style=\"font-weight: 400;\"><del>Ks. Kujota 4 \u2013 46<\/del><\/li><li style=\"font-weight: 400;\"><del>Ks. Kujota 1 \u2013 37<\/del><\/li><li style=\"font-weight: 400;\"><del>\u017beromskiego<\/del><\/li><li style=\"font-weight: 400;\"><del>Sienkiewicza 3, 3A \u2013 21<\/del><\/li><li style=\"font-weight: 400;\"><del><span style=\"color: #ff0000;\">Mazurska 1 \u2013 25 &#8211; bez numeru 11 &#8211; blok<\/span><\/del><\/li><\/ol><p style=\"font-weight: 400;\"><strong>30.12.2025 r. \u2013 Wtorek<\/strong><\/p><ol><li style=\"font-weight: 400;\"><del>Lipowa i S\u0142owackiego<\/del><\/li><li style=\"font-weight: 400;\"><del>Jagiello\u0144ska<\/del><\/li><li style=\"font-weight: 400;\"><del>Piaski 8 &#8211; blok<\/del><\/li><li style=\"font-weight: 400;\"><del>Kr\u00f3tka i Piaski<\/del><\/li><li style=\"font-weight: 400;\"><del>Mazurska 12 \u2013 26<\/del><\/li><\/ol><p style=\"font-weight: 400;\"><span style=\"color: #000080;\"><strong>3.01.2026 r. \u2013 Sobota<\/strong><\/span><\/p><ol><li style=\"font-weight: 400;\"><del><span style=\"color: #000080;\">Widokowa<\/span><\/del><\/li><li style=\"font-weight: 400;\"><del><span style=\"color: #000080;\">Szkolna, G\u00f3rna, Olszynowa<\/span><\/del><\/li><li style=\"font-weight: 400;\"><del><span style=\"color: #000080;\">Micha\u0142owska (numery 1-20, 24,26,28)<\/span><\/del><\/li><li style=\"font-weight: 400;\"><del><span style=\"color: #000080;\">Micha\u0142owska (numery 21, 23, 25, 32-64)<\/span><\/del><\/li><li style=\"font-weight: 400;\"><del><span style=\"color: #000080;\">Mazurska 11<\/span><\/del><\/li><\/ol><p style=\"font-weight: 400;\"><span style=\"color: #ff0000;\"><strong>4.01.2026 r. \u2013 Niedziela<\/strong><\/span><\/p><ol><li style=\"font-weight: 400;\"><del><span style=\"color: #ff0000;\">Paderewskiego 1-5,<\/span><\/del><\/li><li style=\"font-weight: 400;\"><del><span style=\"color: #ff0000;\">Paderewskiego 2, 12, 12a<\/span><\/del><\/li><li style=\"font-weight: 400;\"><del><span style=\"color: #ff0000;\">Paderewskiego 36 \u2013 14 \u2013 14A1<\/span><\/del><\/li><li style=\"font-weight: 400;\"><del><span style=\"color: #ff0000;\">Paderewskiego 9, 11<\/span><\/del><\/li><li style=\"font-weight: 400;\"><del><span style=\"color: #ff0000;\">Paderewskiego 7,13<\/span><\/del><\/li><\/ol><p style=\"font-weight: 400;\"><strong>5.01.2026 r. \u2013 Poniedzia\u0142ek<\/strong><\/p><ol><li style=\"font-weight: 400;\"><del>700-lecia 1, 2<\/del><\/li><li style=\"font-weight: 400;\"><del>700-lecia 3,4<\/del><\/li><li style=\"font-weight: 400;\"><del>700-lecia 6<\/del><\/li><li style=\"font-weight: 400;\"><del>Orzeszkowej<\/del><\/li><li style=\"font-weight: 400;\"><del>Mazurska 27<\/del><\/li><\/ol><p style=\"font-weight: 400;\"><strong>6.01.2026 r. \u2013 Wtorek <span style=\"color: #ff0000;\">(kol\u0119da od godziny 14:00)<\/span><\/strong><\/p><ol><li style=\"font-weight: 400;\"><del>\u0141azienna \u2013 numery parzyste<\/del><\/li><li style=\"font-weight: 400;\"><del>\u0141azienna \u2013 numery nieparzyste<\/del><\/li><\/ol><p style=\"font-weight: 400;\"><strong>7.01.2026 r. \u2013 \u015aroda<\/strong><\/p><ol><li style=\"font-weight: 400;\"><del>3 Maja 3 i 5<\/del><\/li><li style=\"font-weight: 400;\"><del>3 Maja 2, 2A,<\/del><\/li><li style=\"font-weight: 400;\"><del>3 Maja 4a, 7 i 9<\/del><\/li><li style=\"font-weight: 400;\"><del>Gajdy 3 \u2013 15, \u015awierkowa i Aleja Le\u015bna<\/del><\/li><\/ol><p style=\"font-weight: 400;\"><strong>8.01.2026 r. \u2013 Czwartek<\/strong><\/p><ol><li style=\"font-weight: 400;\"><del>Wybickiego 2 \u2013 18<\/del><\/li><li style=\"font-weight: 400;\"><del>Wybickiego 20 \u2013 37<\/del><\/li><li style=\"font-weight: 400;\"><del>Wybickiego 19<\/del><\/li><li style=\"font-weight: 400;\"><del>3 Maja 1<\/del><\/li><\/ol><p style=\"font-weight: 400;\"><strong>9.01.2026 r. \u2013 Pi\u0105tek<\/strong><\/p><ol><li style=\"font-weight: 400;\"><del>Emilii Plater &#8211; <span style=\"color: #ff0000;\">(Ksi\u0105dz w przerwie kol\u0119dy wraca na Msz\u0119 \u015awi\u0119t\u0105 do Fary)<\/span><\/del><\/li><li style=\"font-weight: 400;\"><del>Janaszka, Waz\u00f3wny, Smoczy\u0144skiego, Jastrz\u0119bskiego, Zieleniewskiej,<\/del><\/li><li style=\"font-weight: 400;\"><del>Prosta<\/del><\/li><\/ol><p style=\"font-weight: 400;\"><span style=\"color: #003366;\"><strong>10.01.2026 r. \u2013 Sobota<\/strong><\/span><\/p><ol><li style=\"font-weight: 400;\"><del><span style=\"color: #003366;\">18 Stycznia 3 \u2013 57A<\/span><\/del><\/li><li style=\"font-weight: 400;\"><del><span style=\"color: #ff0000;\">18 Stycznia 85 \u2013 59 i Nad Stawem (ul. Nad Stawem na koniec kol\u0119dy)<\/span><\/del><\/li><li style=\"font-weight: 400;\"><span style=\"color: #003366;\"><del>18 Stycznia 105 \u2013 87a<\/del> \u00a0<\/span>\u00a0\u00a0\u00a0\u00a0\u00a0\u00a0\u00a0<\/li><\/ol><p style=\"font-weight: 400;\"><span style=\"color: #ff0000;\"><strong>11.01.2026 r. \u2013 Niedziela<\/strong><\/span><\/p><ol><li style=\"font-weight: 400;\"><del><span style=\"color: #ff0000;\">Polna domki jednorodzinne <\/span><\/del><br \/><del><span style=\"color: #ff0000;\">\u2013 lewa strona \u2013 kol\u0119da od pocz\u0105tku ulicy<\/span><\/del><\/li><li style=\"font-weight: 400;\"><del><span style=\"color: #ff0000;\">Polna domki jednorodzinne <\/span><\/del><br \/><del><span style=\"color: #ff0000;\">\u2013prawa strona \u2013 kol\u0119da od pocz\u0105tku ulicy<\/span><\/del><\/li><li style=\"font-weight: 400;\"><del><span style=\"color: #ff0000;\">Polna domki jednorodzinne <\/span><\/del><br \/><del><span style=\"color: #ff0000;\">\u2013 lewa strona \u2013 kol\u0119da od ko\u0144ca ulicy<\/span><\/del><\/li><li style=\"font-weight: 400;\"><del><span style=\"color: #ff0000;\">Polna domki jednorodzinne <\/span><\/del><br \/><del><span style=\"color: #ff0000;\">\u2013 prawa strona \u2013 kol\u0119da od ko\u0144ca ulicy<\/span><\/del><\/li><\/ol><p style=\"font-weight: 400;\"><strong>12.01.2026 r. \u2013 Poniedzia\u0142ek<\/strong><\/p><ol><li style=\"font-weight: 400;\"><del>Ko\u015bcielna 7 &#8211; blok<\/del><\/li><li style=\"font-weight: 400;\"><del>Ko\u015bcielna 7 &#8211; blok.<\/del><\/li><li style=\"font-weight: 400;\"><del>18 Stycznia 131 \u2013 107<\/del><\/li><li style=\"font-weight: 400;\"><del>Mostowa 9 i 18 \u2013 24<\/del><\/li><\/ol><p style=\"font-weight: 400;\"><strong>13.01.2026 r. \u2013 Wtorek<\/strong><\/p><ol><li style=\"font-weight: 400;\"><del>Wary\u0144skiego (parzyste)<\/del><\/li><li style=\"font-weight: 400;\"><del>Wary\u0144skiego (nieparzyste)<\/del><\/li><li style=\"font-weight: 400;\"><del>Ceglana 26<\/del><\/li><li style=\"font-weight: 400;\"><del>Du\u017cy Rynek 1 \u2013 14<\/del><\/li><\/ol><p style=\"font-weight: 400;\"><strong>14.01.2026 r. \u2013 \u015aroda<\/strong><\/p><ol><li style=\"font-weight: 400;\"><del>Ceglana 1-15A<\/del><\/li><li style=\"font-weight: 400;\"><del>Wyspia\u0144skiego 7 (1 \u2013 40)<\/del><\/li><li style=\"font-weight: 400;\"><del>Wyspia\u0144skiego 7 (41 \u2013 75)<\/del><\/li><li style=\"font-weight: 400;\"><del>Du\u017cy Rynek 22 \u2013 35<\/del><\/li><\/ol><p style=\"font-weight: 400;\"><strong>15.01.2026 r. \u2013 Czwartek<\/strong><\/p><ol><li style=\"font-weight: 400;\"><del>Nowa Kolonia 13 (1-30)<\/del><\/li><li style=\"font-weight: 400;\"><del>Nowa Kolonia 13 (31-60)<\/del><\/li><li style=\"font-weight: 400;\"><del>Nowa Kolonia 15<\/del><\/li><li style=\"font-weight: 400;\"><del>Hallera \u2013 ca\u0142a ulica 1 Ksi\u0105dz od pocz\u0105tku<\/del><\/li><\/ol><p style=\"font-weight: 400;\"><strong>16.01.2026 r. \u2013 Pi\u0105tek<\/strong><\/p><ol><li style=\"font-weight: 400;\"><del>Nowa Kolonia 10 i 14<\/del><\/li><li style=\"font-weight: 400;\"><del>Nowa Kolonia 16<\/del><\/li><li style=\"font-weight: 400;\"><del>Nowa Kolonia 11<\/del><\/li><li style=\"font-weight: 400;\"><del>Du\u017cy Rynek 15 \u2013 21, Ko\u015bciuszki<\/del><\/li><\/ol><p style=\"font-weight: 400;\"><span style=\"color: #000080;\"><strong>17.01.2026 r. \u2013 Sobota<\/strong><\/span><\/p><ol><li style=\"font-weight: 400;\"><del><span style=\"color: #000080;\">Jana III Sobieskiego domki jednorodzinne,<\/span><\/del><\/li><li style=\"font-weight: 400;\"><del><span style=\"color: #000080;\">\u017b\u00f3\u0142kiewskiego, Chodkiewicza<\/span><\/del><\/li><li style=\"font-weight: 400;\"><del><span style=\"color: #000080;\">Polna Blok nr 1<\/span><\/del><\/li><\/ol><p style=\"font-weight: 400;\"><span style=\"color: #ff0000;\"><strong>18.01.2026 r. \u2013 Niedziela<\/strong><\/span><\/p><ol><li style=\"font-weight: 400;\"><del><span style=\"color: #ff0000;\">Korczaka 1 \u2013 51<\/span><\/del><\/li><li style=\"font-weight: 400;\"><del><span style=\"color: #ff0000;\">Korczaka 70 \u2013 140<\/span><\/del><\/li><li style=\"font-weight: 400;\"><del><span style=\"color: #ff0000;\">Korczaka 2 a, b, c \u2013 68<\/span><\/del><\/li><\/ol><p style=\"font-weight: 400;\"><strong>19.01.2026 r. \u2013 Poniedzia\u0142ek<\/strong><\/p><ol><li style=\"font-weight: 400;\"><del>Matejki 6, Matejki 1, 3, 5,<\/del><\/li><li style=\"font-weight: 400;\"><del>Matejki 8 (1-35)<\/del><\/li><li style=\"font-weight: 400;\"><del>Matejki 8 (36-75)<\/del><\/li><li style=\"font-weight: 400;\"><del>Przykop 1, 1a, 3, 3a, 5, 7, 9, 11ab, 13, 15, 17, 21,21a, 23<\/del><\/li><\/ol><p style=\"font-weight: 400;\"><strong>20.01.2026 r. \u2013 Wtorek<\/strong><\/p><ol><li style=\"font-weight: 400;\"><del>Nowa Kolonia 1-2-3-4-5<\/del><\/li><li style=\"font-weight: 400;\"><del>Nowa Kolonia 6-7-7A-8-9<\/del><\/li><li style=\"font-weight: 400;\"><del>Ceglana 20<\/del><\/li><li style=\"font-weight: 400;\"><del>Przykop 63, 59A, 57, 55, 51,<\/del><\/li><\/ol><p style=\"font-weight: 400;\"><strong>21.01.2026 r. \u2013 \u015aroda<\/strong><\/p><ol><li style=\"font-weight: 400;\"><del>Nowa Kolonia 12 (1-30)<\/del><\/li><li style=\"font-weight: 400;\"><del>Nowa Kolonia 12 (31-60)<\/del><\/li><li style=\"font-weight: 400;\"><del>Ceglana 23<\/del><\/li><li style=\"font-weight: 400;\"><del>Przykop 2, 8, 10, 12, 14, 18, 20, 22, 24, 26, 28, 32,<\/del><br \/><del>34, 48, 49A, 49, 50, 52, 56, 58,<\/del><\/li><\/ol><p style=\"font-weight: 400;\"><strong>22.01.2026 r. \u2013 Czwartek<\/strong><\/p><ol><li style=\"font-weight: 400;\"><del>Ceglana 24<\/del><\/li><li style=\"font-weight: 400;\"><del>Witosa 2 (1-30)<\/del><\/li><li style=\"font-weight: 400;\"><del>Witosa 2 (31-65)<\/del><\/li><li style=\"font-weight: 400;\"><del>Przykop 25, 27, 29, 29a, 31, 33, 35,<\/del><br \/><del>37, 39, 45, 45a, 47,<\/del><\/li><\/ol><p style=\"font-weight: 400;\"><strong>23.01.2026 r. &#8211; Pi\u0105tek<\/strong><\/p><ol><li style=\"font-weight: 400;\"><del>Nad Drw\u0119c\u0105 \u2013 lewa strona<\/del><\/li><li style=\"font-weight: 400;\"><del>Nad Drw\u0119c\u0105 \u2013 prawa storna<\/del><\/li><li style=\"font-weight: 400;\"><del>Nad Drw\u0119c\u0105 1 \u2013 5 i Bazarowa 2<\/del><\/li><li style=\"font-weight: 400;\"><del>Kochanowskiego<\/del><\/li><\/ol><p style=\"font-weight: 400;\"><span style=\"color: #003366;\"><strong>24.01.2026 r. \u2013 Sobota<\/strong><\/span><\/p><ol><li style=\"font-weight: 400;\"><del><span style=\"color: #003366;\">Ogrodowa 1 \u2013 43<\/span><\/del><\/li><li style=\"font-weight: 400;\"><del><span style=\"color: #003366;\">Ogrodowa 2a i 12<\/span><\/del><\/li><li style=\"font-weight: 400;\"><del><span style=\"color: #003366;\">Ogrodowa 4 \u2013 24<\/span><\/del><\/li><li style=\"font-weight: 400;\"><del><span style=\"color: #003366;\">Ogrodowa 2\u00a0<\/span><\/del><\/li><\/ol><p style=\"font-weight: 400;\"><span style=\"color: #ff0000;\"><strong>25.01.2026 r. \u2013 Niedziela<\/strong><\/span><\/p><ol><li style=\"font-weight: 400;\"><del><span style=\"color: #ff0000;\">Ma\u0142a<\/span><\/del><\/li><li style=\"font-weight: 400;\"><del><span style=\"color: #ff0000;\">\u0141\u0105czna<\/span><\/del><\/li><li style=\"font-weight: 400;\"><del><span style=\"color: #ff0000;\">Piwna i Kr\u00f3lowej Jadwigi<\/span><\/del><\/li><li style=\"font-weight: 400;\"><del><span style=\"color: #ff0000;\">Kili\u0144skiego, Stary Plac Szkolny i Ma\u0142y Rynek<\/span><\/del><\/li><\/ol><p style=\"font-weight: 400;\"><strong>26.01.2026 r. \u2013 Poniedzia\u0142ek<\/strong><\/p><ol><li style=\"font-weight: 400;\"><del>Matejki 10 (1-35)<\/del><\/li><li style=\"font-weight: 400;\"><del>Matejki 10 (36-75)<\/del><\/li><li style=\"font-weight: 400;\"><del>Witosa 8<\/del><\/li><li style=\"font-weight: 400;\"><del>Kamionka<\/del><\/li><\/ol><p style=\"font-weight: 400;\"><strong>27.01.2026 r. \u2013 Wtorek<\/strong><\/p><ol><li style=\"font-weight: 400;\"><del>Matejki 12 (1-35)<\/del><\/li><li style=\"font-weight: 400;\"><del>Matejki 12 (36-75)<\/del><\/li><li style=\"font-weight: 400;\"><del>Grunwaldzka, Strzelecka, Pocztowa, Zdu\u0144ska<\/del><\/li><li style=\"font-weight: 400;\"><del>Zamkowa, Wodna, \u015bw. Jakuba,<\/del><\/li><\/ol><p style=\"font-weight: 400;\"><strong>28.01.2026 r. \u2013 \u015aroda<\/strong><\/p><ol><li style=\"font-weight: 400;\"><del>Witosa 14<\/del><\/li><li style=\"font-weight: 400;\"><del>Witosa 16<\/del><\/li><li style=\"font-weight: 400;\"><del>Witosa 18<\/del><\/li><li style=\"font-weight: 400;\"><del>Farna, Tylna, Ko\u015bcielna, Przedzamcze<\/del><\/li><\/ol><p style=\"font-weight: 400;\"><strong>29.01.2026 r. \u2013 Czwartek<\/strong><\/p><ol><li style=\"font-weight: 400;\"><del>Witosa 4 (1-30)<\/del><\/li><li style=\"font-weight: 400;\"><del>Witosa 4 (31-65)<\/del><\/li><li style=\"font-weight: 400;\"><del>Witosa 6 (1-30)<\/del><\/li><li style=\"font-weight: 400;\"><del>Witosa 6 (31-65).<\/del><\/li><li style=\"font-weight: 400;\"><del>Witosa 20<\/del><\/li><\/ol><p style=\"font-weight: 400;\"><strong>30.01.2026 \u2013 Pi\u0105tek<\/strong><\/p><ol><li style=\"font-weight: 400;\"><del>Witosa 22<\/del><\/li><li style=\"font-weight: 400;\"><del>Witosa 24<\/del><\/li><li style=\"font-weight: 400;\"><del>Wyspia\u0144skiego 1 (1-40)<\/del><\/li><li style=\"font-weight: 400;\"><del>Wyspia\u0144skiego 1 (41-75)<\/del><\/li><\/ol><p style=\"font-weight: 400;\"><span style=\"color: #003366;\"><strong>31.01.2026 \u2013 Sobota<\/strong><\/span><\/p><ol><li style=\"font-weight: 400;\"><del><span style=\"color: #003366;\">Wyspia\u0144skiego 5 (1-40)<\/span><\/del><\/li><li style=\"font-weight: 400;\"><del><span style=\"color: #003366;\">Wyspia\u0144skiego 5 (41-75)<\/span><\/del><\/li><li style=\"font-weight: 400;\"><del><span style=\"color: #003366;\">Wyspia\u0144skiego 3 (1-40)<\/span><\/del><\/li><li style=\"font-weight: 400;\"><del><span style=\"color: #003366;\">Wyspia\u0144skiego 3 (41-75)<\/span><\/del><\/li><\/ol><p style=\"font-weight: 400;\"><span style=\"color: #ff0000;\"><strong>1.02.2026 \u2013 Niedziela<\/strong><\/span><\/p><ol><li style=\"font-weight: 400;\"><del><span style=\"color: #ff0000;\">Wyspia\u0144skiego 2 (2-35)<\/span><\/del><\/li><li style=\"font-weight: 400;\"><del><span style=\"color: #ff0000;\">Wyspia\u0144skiego 2 (36-69)<\/span><\/del><\/li><li style=\"font-weight: 400;\"><del><span style=\"color: #ff0000;\">Wyspia\u0144skiego 2 (70-100)<\/span><\/del><\/li><li style=\"font-weight: 400;\"><del><span style=\"color: #ff0000;\">\u017bwirki i Wigury<\/span><\/del><\/li><\/ol><p style=\"font-weight: 400;\"><strong>2.02.2026 \u2013 Poniedzia\u0142ek<\/strong><\/p><ol><li style=\"font-weight: 400;\"><del>Matejki 2 i 4<\/del><\/li><li style=\"font-weight: 400;\"><del>Wyspia\u0144skiego 15<\/del><\/li><li style=\"font-weight: 400;\"><del>Wyspia\u0144skiego 4<\/del><\/li><li style=\"font-weight: 400;\"><del>Wyspia\u0144skiego 10C, 13A, 6B<\/del><\/li><\/ol><p style=\"font-weight: 400;\"><strong>3.02.2026 \u2013 Wtorek<\/strong><\/p><ol><li style=\"font-weight: 400;\"><del>Wyspia\u0144skiego 8B (1- 42)<\/del><\/li><li style=\"font-weight: 400;\"><del><span style=\"color: #ff0000;\">Wyspia\u0144skiego 12 + Wyspia\u0144skiego 8B (43-63)<\/span><\/del><\/li><li style=\"font-weight: 400;\"><del>Mostowa 1 \u2013 7, 2-16<\/del><\/li><\/ol><p style=\"font-weight: 400;\"><strong>4.02.2026 \u2013 \u015aroda<\/strong><\/p><ol><li style=\"font-weight: 400;\"><del>Wyspia\u0144skiego 9 (1 \u2013 40)<\/del><\/li><li style=\"font-weight: 400;\"><del>Wyspia\u0144skiego 9 (41 \u2013 75)<\/del><\/li><li style=\"font-weight: 400;\"><del>Wyspia\u0144skiego 17<\/del><\/li><li style=\"font-weight: 400;\"><del>Pu\u0142ku Piechoty i Klinickiego<\/del><\/li><\/ol><p style=\"font-weight: 400;\"><strong>5.02.2026 \u2013 Czwartek<\/strong><\/p><ol><li style=\"font-weight: 400;\"><del>Jana III Sobieskiego 2<\/del><\/li><li style=\"font-weight: 400;\"><del>Jana III Sobieskiego 2a<\/del><\/li><li style=\"font-weight: 400;\"><del>Jana III Sobieskiego 2b<\/del><\/li><li style=\"font-weight: 400;\"><del>Polna Blok nr 1a<\/del><\/li><\/ol><p style=\"font-weight: 400;\"><strong>6.02.2026 \u2013 Pi\u0105tek<\/strong><\/p><ol><li style=\"font-weight: 400;\"><del>Jana III Sobieskiego 2c<\/del><\/li><li style=\"font-weight: 400;\"><del><span style=\"color: #ff0000;\">Wyspia\u0144skiego 23 (1-60) ca\u0142y blok jeden kap\u0142an<\/span><\/del><\/li><li style=\"font-weight: 400;\"><del>Litewska \u2013 ca\u0142a ulica<\/del><\/li><\/ol><p style=\"font-weight: 400;\"><span style=\"color: #003366;\"><strong>7.02.2026 \u2013 Sobota<\/strong><\/span><\/p><ol><li style=\"font-weight: 400;\"><span style=\"color: #003366;\">Polna Blok nr 1b<\/span><\/li><li style=\"font-weight: 400;\"><span style=\"color: #003366;\">Wyspia\u0144skiego 21 (1-30)<\/span><\/li><li style=\"font-weight: 400;\"><span style=\"color: #003366;\">Wyspia\u0144skiego 21 (31-60)<\/span><\/li><li style=\"font-weight: 400;\"><span style=\"color: #003366;\">Soko\u0142\u00f3w<\/span><\/li><\/ol><p style=\"font-weight: 400;\"><span style=\"color: #ff0000;\">8.02.2026 \u2013 Niedziela<\/span><\/p><ol><li style=\"font-weight: 400;\"><span style=\"color: #ff0000;\">Wyspia\u0144skiego 19 &#8211; 1 po\u0142owa<\/span><\/li><li style=\"font-weight: 400;\"><span style=\"color: #ff0000;\">Wyspia\u0144skiego 19 &#8211; 2 po\u0142owa<\/span><\/li><li style=\"font-weight: 400;\"><span style=\"color: #ff0000;\">Witosa 10<\/span><\/li><li style=\"font-weight: 400;\"><span style=\"color: #ff0000;\">Kopernika<\/span><\/li><\/ol><p style=\"font-weight: 400;\">9.02.2026 \u2013 Poniedzia\u0142ek<\/p><ol><li style=\"font-weight: 400;\">Dzia\u0142kowa 1-22<\/li><li style=\"font-weight: 400;\">Dzia\u0142kowa 23 do ko\u0144ca + Rolna<\/li><li>Wyspia\u0144skiego 16<\/li><li><span style=\"color: #000000;\">Wyspia\u0144skiego 14<\/span><\/li><\/ol><p>10.02.2026<\/p><ol><li>UZUPE\u0141NIENIA &#8211; KOL\u0118DA INDYWIDUALNA<\/li><\/ol>\t\t\t\t\t\t<\/div>\n\t\t\t\t<\/div>\n\t\t\t\t\t<\/div>\n\t\t<\/div>\n\t\t\t\t\t<\/div>\n\t\t<\/section>\n\t\t\t\t<\/div>\n\t\t","protected":false},"excerpt":{"rendered":"<p>GODZINY KOL\u0118DOWANIA PONIEDZIA\u0141EK &#8211; PI\u0104TEK &#8211; od godziny 16:00 SOBOTA, NIEDZIELA i \u015aWI\u0118TA &#8211; od godziny 14:00 \u00a0 27.12.2025 r. \u2013 Sobota Lidzbarska od 1A \u2013 29 + 12, 14a, 16,18, 18a) M\u0142y\u0144ska i Lidzbarska od 48 \u2013 20 + 45 &#8211; TARTAK Lidzbarska 49 &#8211; 68 (do tor\u00f3w kolejowych) Lidzbarska za torami od 61 [&hellip;]<\/p>\n","protected":false},"author":1,"featured_media":0,"parent":0,"menu_order":0,"comment_status":"closed","ping_status":"closed","template":"","meta":{"footnotes":""},"_links":{"self":[{"href":"http:\/\/www.farabrodnica.pl\/wordpress\/wp-json\/wp\/v2\/pages\/343734"}],"collection":[{"href":"http:\/\/www.farabrodnica.pl\/wordpress\/wp-json\/wp\/v2\/pages"}],"about":[{"href":"http:\/\/www.farabrodnica.pl\/wordpress\/wp-json\/wp\/v2\/types\/page"}],"author":[{"embeddable":true,"href":"http:\/\/www.farabrodnica.pl\/wordpress\/wp-json\/wp\/v2\/users\/1"}],"replies":[{"embeddable":true,"href":"http:\/\/www.farabrodnica.pl\/wordpress\/wp-json\/wp\/v2\/comments?post=343734"}],"version-history":[{"count":55,"href":"http:\/\/www.farabrodnica.pl\/wordpress\/wp-json\/wp\/v2\/pages\/343734\/revisions"}],"predecessor-version":[{"id":343847,"href":"http:\/\/www.farabrodnica.pl\/wordpress\/wp-json\/wp\/v2\/pages\/343734\/revisions\/343847"}],"wp:attachment":[{"href":"http:\/\/www.farabrodnica.pl\/wordpress\/wp-json\/wp\/v2\/media?parent=343734"}],"curies":[{"name":"wp","href":"https:\/\/api.w.org\/{rel}","templated":true}]}}