{"id":341769,"date":"2023-05-19T10:04:35","date_gmt":"2023-05-19T08:04:35","guid":{"rendered":"http:\/\/www.farabrodnica.pl\/wordpress\/?page_id=341769"},"modified":"2025-05-08T23:34:41","modified_gmt":"2025-05-08T21:34:41","slug":"wyjazd-na-lednice-2000-2023","status":"publish","type":"page","link":"http:\/\/www.farabrodnica.pl\/wordpress\/wyjazd-na-lednice-2000-2023\/","title":{"rendered":"Wyjazd na Lednic\u0119 2000 &#8211; 2025"},"content":{"rendered":"\t\t<div data-elementor-type=\"wp-page\" data-elementor-id=\"341769\" class=\"elementor elementor-341769\" data-elementor-post-type=\"page\">\n\t\t\t\t\t\t<section class=\"elementor-section elementor-top-section elementor-element elementor-element-ed262ba elementor-section-boxed elementor-section-height-default elementor-section-height-default\" data-id=\"ed262ba\" data-element_type=\"section\" data-settings=\"{&quot;_ha_eqh_enable&quot;:false}\">\n\t\t\t\t\t\t<div class=\"elementor-container elementor-column-gap-default\">\n\t\t\t\t\t<div class=\"elementor-column elementor-col-100 elementor-top-column elementor-element elementor-element-b09c28a\" data-id=\"b09c28a\" data-element_type=\"column\">\n\t\t\t<div class=\"elementor-widget-wrap elementor-element-populated\">\n\t\t\t\t\t\t<div class=\"elementor-element elementor-element-37255c7 elementor-widget elementor-widget-text-editor\" data-id=\"37255c7\" data-element_type=\"widget\" data-widget_type=\"text-editor.default\">\n\t\t\t\t<div class=\"elementor-widget-container\">\n\t\t\t\t\t\t\t<p><strong>Parafia \u015aw. Katarzyny Aleksandryjskiej w Brodnicy organizuje wyjazd na XXIX Spotkanie M\u0142odych na Polach Lednickich.<\/strong><\/p><p><strong>\u2013 wyjazd w dniu 7 czerwca z Brodnicy o godz 6:30 z parkingu na ulicy zamkowej<\/strong><\/p><p><strong>\u2013 powr\u00f3t 8 czerwca nad ranem \u2013 wyjazd z P\u00f3l Lednickich oko\u0142o 3:00 &#8211; po przej\u015bciu przez Bram\u0119 Ryb\u0119<br \/><\/strong><\/p><p><strong>\u2013 koszt wyjazdu (autokar, op\u0142aty parkingowe, ubezpieczenie uczestnik\u00f3w) wynosi 130 z\u0142<\/strong><\/p><p><strong>\u2013 Duszpasterz wyjazdu \u2013 Ks. Pawe\u0142 Lewandowski <br \/><\/strong><\/p><p><strong>\u00a0<\/strong><\/p><p>\u00a0<\/p><p style=\"text-align: center;\"><span style=\"color: #ff0000;\">PROSIMY O ZABRANIE ODPOWIEDNIEGO STROJU <\/span><\/p><p style=\"text-align: center;\"><span style=\"color: #ff0000;\">(zabezpieczenie przed s\u0142o\u0144cem i ch\u0142odem po zmroku) oraz foli &#8211; koca termicznego i du\u017cej ilo\u015bci wody do picia.<\/span><\/p><p>\u00a0<\/p><p style=\"text-align: center;\"><span style=\"color: #ff0000;\"><strong>Osoby pragn\u0105ce zapisa\u0107 si\u0119 na wyjazd zobowi\u0105zane s\u0105 do wype\u0142nienia deklaracji uczestnika, wyra\u017cenia zg\u00f3d na przetwarzanie danych osobowych i uiszczenie koszt\u00f3w wyjazdu przy dokonywaniu zapisu. <br \/><\/strong><\/span><\/p><p style=\"text-align: center;\"><span style=\"color: #ff0000;\"><strong>ILO\u015a\u0106 MIEJSC OGRANICZONA<\/strong><\/span><\/p>\t\t\t\t\t\t<\/div>\n\t\t\t\t<\/div>\n\t\t\t\t<div class=\"elementor-element elementor-element-87818c0 elementor-widget elementor-widget-heading\" data-id=\"87818c0\" data-element_type=\"widget\" data-widget_type=\"heading.default\">\n\t\t\t\t<div class=\"elementor-widget-container\">\n\t\t\t<h2 class=\"elementor-heading-title elementor-size-default\">DEKLARACJA UDZIA\u0141U W WYJE\u0179DZIE<\/h2>\t\t<\/div>\n\t\t\t\t<\/div>\n\t\t\t\t<div class=\"elementor-element elementor-element-8f5a72e elementor-widget elementor-widget-image\" data-id=\"8f5a72e\" data-element_type=\"widget\" data-widget_type=\"image.default\">\n\t\t\t\t<div class=\"elementor-widget-container\">\n\t\t\t\t\t\t\t\t\t\t\t\t\t<img fetchpriority=\"high\" decoding=\"async\" width=\"470\" height=\"610\" src=\"http:\/\/www.farabrodnica.pl\/wordpress\/wp-content\/uploads\/2023\/05\/Zrzut-ekranu-2023-05-19-o-10.09.51.png\" class=\"attachment-large size-large wp-image-341778\" alt=\"\" \/>\t\t\t\t\t\t\t\t\t\t\t\t\t<\/div>\n\t\t\t\t<\/div>\n\t\t\t\t<div class=\"elementor-element elementor-element-537c229 elementor-widget elementor-widget-spacer\" data-id=\"537c229\" data-element_type=\"widget\" data-widget_type=\"spacer.default\">\n\t\t\t\t<div class=\"elementor-widget-container\">\n\t\t\t\t\t<div class=\"elementor-spacer\">\n\t\t\t<div class=\"elementor-spacer-inner\"><\/div>\n\t\t<\/div>\n\t\t\t\t<\/div>\n\t\t\t\t<\/div>\n\t\t\t\t<div class=\"elementor-element elementor-element-db794ee elementor-button-success elementor-align-center elementor-widget elementor-widget-button\" data-id=\"db794ee\" data-element_type=\"widget\" data-widget_type=\"button.default\">\n\t\t\t\t<div class=\"elementor-widget-container\">\n\t\t\t\t\t<div class=\"elementor-button-wrapper\">\n\t\t\t<a class=\"elementor-button elementor-button-link elementor-size-xl\" href=\"https:\/\/drive.google.com\/file\/d\/1qmBJZlN9pgmgaruRWKJaYTzM7t5expEW\/view?usp=sharing\">\n\t\t\t\t\t\t<span class=\"elementor-button-content-wrapper\">\n\t\t\t\t\t\t<span class=\"elementor-button-icon elementor-align-icon-left\">\n\t\t\t\t<i aria-hidden=\"true\" class=\"far fa-grin-hearts\"><\/i>\t\t\t<\/span>\n\t\t\t\t\t\t<span class=\"elementor-button-text\">POBIERZ DELKARACJ\u0118 WYJAZDU NA LEDNIC\u0118<\/span>\n\t\t<\/span>\n\t\t\t\t\t<\/a>\n\t\t<\/div>\n\t\t\t\t<\/div>\n\t\t\t\t<\/div>\n\t\t\t\t<div class=\"elementor-element elementor-element-8b72153 elementor-widget elementor-widget-spacer\" data-id=\"8b72153\" data-element_type=\"widget\" data-widget_type=\"spacer.default\">\n\t\t\t\t<div class=\"elementor-widget-container\">\n\t\t\t\t\t<div class=\"elementor-spacer\">\n\t\t\t<div class=\"elementor-spacer-inner\"><\/div>\n\t\t<\/div>\n\t\t\t\t<\/div>\n\t\t\t\t<\/div>\n\t\t\t\t<div class=\"elementor-element elementor-element-8606172 elementor-widget elementor-widget-heading\" data-id=\"8606172\" data-element_type=\"widget\" data-widget_type=\"heading.default\">\n\t\t\t\t<div class=\"elementor-widget-container\">\n\t\t\t<h2 class=\"elementor-heading-title elementor-size-default\">KONTAKT Z KSI\u0118DZEM ORGANIZATOREM<\/h2>\t\t<\/div>\n\t\t\t\t<\/div>\n\t\t\t\t<div class=\"elementor-element elementor-element-6bf5972 elementor-widget elementor-widget-shortcode\" data-id=\"6bf5972\" data-element_type=\"widget\" data-widget_type=\"shortcode.default\">\n\t\t\t\t<div class=\"elementor-widget-container\">\n\t\t\t\t\t<div class=\"elementor-shortcode\">\r\n<!-- START JS for Form ID: 341768 -->\r\n<script type=\"text\/javascript\">\r\njQuery(document).ready(function($) {\r\n\r\n    jQuery(\"#preloader-upriyx\").fadeOut(500, function() {\r\n        jQuery(\"#ecf-form-upriyx\").fadeIn(300);\r\n    });\r\n\r\n    Ladda.bind('.ladda-button');\r\n\r\n    $(function() {\r\n\r\n        \r\n        \/* Validation *\/\r\n        $(\"#form-upriyx\").validate({\r\n            \/* Rules for form validation *\/\r\n            rules: {\r\n                name0:{required: true},email1:{required: true,email: true},text2:{required: true},message3:{required: true,minlength: 10},\r\n\r\n                            },\r\n            \/* Messages for form validation *\/\r\n            messages: {\r\n                name0:{required: \"This field is required\"},email1:{required: \"This field is required\"},text2:{required: \"This field is required\"},message3:{required: \"This field is required\"}            },\r\n            \/* Do not change code below *\/\r\n            errorPlacement: function(error, element) {\r\n                error.insertAfter(element.parent());\r\n            },\r\n\r\n            submitHandler: function(form) {\r\n                                ecf_onsubmit(jQuery('.form-upriyx'));\r\n\r\n                \r\n            },\r\n\r\n            invalidHandler: function(form) {\r\n                Ladda.stopAll();\r\n            },\r\n\r\n            onkeyup: false,\r\n            onfocusout: false,\r\n            onclick: false\r\n\r\n        });\r\n    });\r\n\r\n\r\n    \/* Form Submit ( Ajax ) *\/\r\n    function ecf_onsubmit(form) {\r\n\r\n        if (form.attr('action') == '#') {\r\n\r\n            data = {};\r\n            eldat = [];\r\n            data['action'] = 'ecf_deliver_mail';\r\n            data['formid'] = '341768';\r\n            data['security'] = '922202ecc0';\r\n\r\n\r\n            \r\n            jQuery('input, textarea', form).each(function(key) {\r\n\r\n                items = {};\r\n\r\n                if (typeof $(this).data('type') === 'undefined') {\r\n                    return true;\r\n                }\r\n\r\n\r\n                \r\n                items['type'] = $(this).data('type');\r\n                items['label'] = $(this).data('label');\r\n                items['value'] = this.value;\r\n                items['name'] = this.name;\r\n\r\n                eldat.push(items);\r\n\r\n            });\r\n\r\n\r\n                        data['allelmnt'] = JSON.stringify(eldat);\r\n\r\n            submitForm();\r\n\r\n            return false;\r\n\r\n        }\r\n\r\n    }\r\n\r\n    \/* Start submitForm\t *\/\r\n    function submitForm() {\r\n\r\n        jQuery.ajax({\r\n            url: 'http:\/\/www.farabrodnica.pl\/wordpress\/wp-admin\/admin-ajax.php',\r\n            type: 'POST',\r\n            dataType: 'json',\r\n            data: data,\r\n            success: function(data) {\r\n\r\n                if (data.Ok == true) {\r\n\r\n                    $(\"#form-upriyx\").get(0).reset();\r\n\r\n                    if (data.msg == 'redirect') {\r\n                        window.location = \"\";\r\n                    } else {\r\n                        notifyme('Wys\u0142ano wiadomo\u015b\u0107', 'n', 'success',\r\n                            'left middle');\r\n                    }\r\n\r\n                } else {\r\n                    $(\"#form-upriyx\").get(0).reset();\r\n                    notifyme(data.msg, 'n', 'error', 'left middle');\r\n                }\r\n\r\n                Ladda.stopAll();\r\n\r\n            }\r\n        });\r\n\r\n        \r\n    }\r\n\r\n\r\n    \/* Notify *\/\r\n    function notifyme(msg, b, typ, pos) {\r\n        if (b == 'n') {\r\n            b = 'cf-submittedupriyx';\r\n        } else {\r\n            b = 'atcupriyx';\r\n        }\r\n\r\n        $(\"#\" + b).gnotify(msg, {\r\n            style: \"nbootstrap\",\r\n            elementPosition: pos,\r\n            className: typ\r\n        });\r\n\r\n        msg = null;\r\n        typ = null;\r\n\r\n    }\r\n\r\n});\r\n<\/script>\r\n<!-- END JS for Form ID: 341768 -->\r\n\r\n<!-- START Form Markup for Form ID: 341768 -->\r\n<div id=\"preloader-upriyx\" class=\"ecfpreloader\"><\/div>\r\n<div id=\"ecf-form-upriyx\" class=\"ecf-body\" style=\"display:none;\">\r\n    <form method=\"post\" enctype=\"multipart\/form-data\" action=\"#\" id=\"form-upriyx\"\r\n        class=\"ecf-form form-upriyx\">\r\n        <header>Wyjazd na Lednic\u0119<\/header>        <fieldset>\r\n            <section><label class=\"label\">Imi\u0119 i Nazwisko<\/label><label class=\"input\"><input data-type=\"name\" data-label=\"Imi\u0119 i Nazwisko\" id=\"name0\" type=\"text\" name=\"name0\" \/><\/label><\/section><section><label class=\"label\">Email<\/label><label class=\"input\"><input data-type=\"email\" data-label=\"Email\" id=\"email1\" type=\"text\" name=\"email1\" \/><\/label><\/section><section><label class=\"label\">Temat wiadomo\u015bci<\/label><label class=\"input\"><input data-type=\"text\" data-label=\"Temat wiadomo\u015bci\" id=\"text2\" type=\"text\" name=\"text2\" \/><\/label><\/section><section><label class=\"label\">Wiadomo\u015b\u0107<\/label><label class=\"textarea\"><textarea data-type=\"message\" data-label=\"Wiadomo\u015b\u0107\" id=\"message3\" name=\"message3\" rows=\"7\" ><\/textarea><\/label><\/section>        <\/fieldset>\r\n        <footer>\r\n            <button data-style=\"slide-down\" id=\"cf-submittedupriyx\" class=\"ecfbutton ladda-button\"\r\n                type=\"submit\" name=\"cf-submittedupriyx\"><span\r\n                    class=\"ladda-label\">SEND<\/span><\/button>\r\n        <\/footer>\r\n    <\/form>\r\n\r\n    \r\n<\/div>\r\n<!-- END Form Markup for Form ID: 341768 -->\r\n\r\n\r\n<\/div>\n\t\t\t\t<\/div>\n\t\t\t\t<\/div>\n\t\t\t\t\t<\/div>\n\t\t<\/div>\n\t\t\t\t\t<\/div>\n\t\t<\/section>\n\t\t\t\t<\/div>\n\t\t","protected":false},"excerpt":{"rendered":"<p>Parafia \u015aw. Katarzyny Aleksandryjskiej w Brodnicy organizuje wyjazd na XXIX Spotkanie M\u0142odych na Polach Lednickich. \u2013 wyjazd w dniu 7 czerwca z Brodnicy o godz 6:30 z parkingu na ulicy zamkowej \u2013 powr\u00f3t 8 czerwca nad ranem \u2013 wyjazd z P\u00f3l Lednickich oko\u0142o 3:00 &#8211; po przej\u015bciu przez Bram\u0119 Ryb\u0119 \u2013 koszt wyjazdu (autokar, op\u0142aty [&hellip;]<\/p>\n","protected":false},"author":1,"featured_media":0,"parent":0,"menu_order":0,"comment_status":"closed","ping_status":"closed","template":"","meta":{"footnotes":""},"_links":{"self":[{"href":"http:\/\/www.farabrodnica.pl\/wordpress\/wp-json\/wp\/v2\/pages\/341769"}],"collection":[{"href":"http:\/\/www.farabrodnica.pl\/wordpress\/wp-json\/wp\/v2\/pages"}],"about":[{"href":"http:\/\/www.farabrodnica.pl\/wordpress\/wp-json\/wp\/v2\/types\/page"}],"author":[{"embeddable":true,"href":"http:\/\/www.farabrodnica.pl\/wordpress\/wp-json\/wp\/v2\/users\/1"}],"replies":[{"embeddable":true,"href":"http:\/\/www.farabrodnica.pl\/wordpress\/wp-json\/wp\/v2\/comments?post=341769"}],"version-history":[{"count":27,"href":"http:\/\/www.farabrodnica.pl\/wordpress\/wp-json\/wp\/v2\/pages\/341769\/revisions"}],"predecessor-version":[{"id":343387,"href":"http:\/\/www.farabrodnica.pl\/wordpress\/wp-json\/wp\/v2\/pages\/341769\/revisions\/343387"}],"wp:attachment":[{"href":"http:\/\/www.farabrodnica.pl\/wordpress\/wp-json\/wp\/v2\/media?parent=341769"}],"curies":[{"name":"wp","href":"https:\/\/api.w.org\/{rel}","templated":true}]}}