{"id":17,"date":"2016-12-09T04:12:07","date_gmt":"2016-12-09T03:12:07","guid":{"rendered":"http:\/\/www.farabrodnica.pl\/wordpress\/?page_id=17"},"modified":"2021-09-21T19:19:42","modified_gmt":"2021-09-21T17:19:42","slug":"nabozenstwa","status":"publish","type":"page","link":"http:\/\/www.farabrodnica.pl\/wordpress\/nabozenstwa\/","title":{"rendered":"NABO\u017bE\u0143STWA"},"content":{"rendered":"\t\t<div data-elementor-type=\"wp-page\" data-elementor-id=\"17\" class=\"elementor elementor-17\" data-elementor-post-type=\"page\">\n\t\t\t\t\t\t<section class=\"elementor-section elementor-top-section elementor-element elementor-element-5c2d716c elementor-section-boxed elementor-section-height-default elementor-section-height-default\" data-id=\"5c2d716c\" data-element_type=\"section\" data-settings=\"{&quot;_ha_eqh_enable&quot;:false}\">\n\t\t\t\t\t\t<div class=\"elementor-container elementor-column-gap-default\">\n\t\t\t\t\t<div class=\"elementor-column elementor-col-100 elementor-top-column elementor-element elementor-element-38f7b8dc\" data-id=\"38f7b8dc\" data-element_type=\"column\">\n\t\t\t<div class=\"elementor-widget-wrap elementor-element-populated\">\n\t\t\t\t\t\t<div class=\"elementor-element elementor-element-61b4c5fa elementor-widget elementor-widget-text-editor\" data-id=\"61b4c5fa\" data-element_type=\"widget\" data-widget_type=\"text-editor.default\">\n\t\t\t\t<div class=\"elementor-widget-container\">\n\t\t\t\t\t\t\t<p style=\"text-align: center;\" align=\"JUSTIFY\"><span style=\"font-family: Times New Roman, serif; color: #ff0000;\"><span style=\"font-size: medium;\"><b>PORZ\u0104DEK NABO\u017bE\u0143STW<\/b><\/span><\/span><\/p><p style=\"text-align: center;\" align=\"JUSTIFY\"><span style=\"font-family: Times New Roman,serif;\"><span style=\"font-size: medium;\"><b><span style=\"color: #ff0000;\">MSZE \u015aWI\u0118TE W NIEDZIEL\u0118<\/span><\/b><\/span><\/span><\/p><p style=\"text-align: center;\" align=\"JUSTIFY\"><strong><span style=\"font-family: Times New Roman,serif;\"><span style=\"font-size: medium;\">KO\u015aCI\u00d3\u0141 FARNY:<\/span><\/span><\/strong><\/p><p style=\"text-align: center;\" align=\"JUSTIFY\"><span style=\"font-family: Times New Roman,serif;\"><span style=\"font-size: medium;\">6.30, 8.00, 9.30, 11.00, 12.15, 18.30<\/span><\/span><\/p><p style=\"text-align: center;\" align=\"JUSTIFY\"><strong><span style=\"font-family: Times New Roman,serif;\"><span style=\"font-size: medium;\">KO\u015aCI\u00d3\u0141 SZKOLNY:<\/span><\/span><\/strong><\/p><p style=\"text-align: center;\" align=\"JUSTIFY\"><span style=\"font-family: Times New Roman,serif;\"><span style=\"font-size: medium;\">8.30, 10.00, 11.30<\/span><\/span><\/p><p style=\"text-align: center;\" align=\"JUSTIFY\"><b><span style=\"font-family: Times New Roman,serif;\"><span style=\"font-size: medium;\">SPOWIED\u0179 \u015aWI\u0118TA:<br \/><\/span><\/span><\/b><\/p><p style=\"text-align: center;\" align=\"JUSTIFY\">Przed i podczas ka\u017cdej Mszy \u015aw. (opr\u00f3cz Mszy \u015bw. w niedziel\u0119 o godz. 11.00 i Mszy \u015bw. w ko\u015bciele szkolnym); dodatkowo w I pi\u0105tek miesi\u0105ca o godz. 16.30, w ka\u017cd\u0105 \u015brod\u0119 w godz. od 20.00 do 21.00 w Farze.<\/p><p style=\"text-align: center;\" align=\"JUSTIFY\"><span style=\"color: #ff0000;\"><b><span style=\"font-family: Times New Roman,serif;\"><span style=\"font-size: medium;\">MSZE \u015aWI\u0118TE W DNI POWSZEDNIE<\/span><\/span><\/b><\/span><\/p><p style=\"text-align: center;\" align=\"JUSTIFY\"><strong><span style=\"font-family: Times New Roman,serif;\"><span style=\"font-size: medium;\">KO\u015aCI\u00d3\u0141 FARNY<\/span><\/span><\/strong><\/p><p style=\"text-align: center;\" align=\"JUSTIFY\"><span style=\"font-family: Times New Roman,serif;\"><span style=\"font-size: medium;\">6.30 (w Adwencie 6.15), 7.00, 8.00, 18.30<\/span><\/span><\/p><p style=\"text-align: center;\" align=\"JUSTIFY\"><span style=\"color: #ff0000;\"><b><span style=\"font-family: Times New Roman,serif;\"><span style=\"font-size: medium;\">\u015aWI\u0118TA ZNIESIONE<\/span><\/span><\/b><\/span><\/p><p style=\"text-align: center;\" align=\"JUSTIFY\"><strong><span style=\"font-family: Times New Roman,serif;\"><span style=\"font-size: medium;\">KO\u015aCI\u00d3\u0141 FARNY<\/span><\/span><\/strong><\/p><p style=\"text-align: center;\" align=\"JUSTIFY\"><span style=\"font-family: Times New Roman,serif;\"><span style=\"font-size: medium;\">6.30 (w Adwencie 6.15), 7.00, 8.00, 10.00, 15.30, 17.00, 18.30<\/span><\/span><\/p><p style=\"text-align: center;\" align=\"JUSTIFY\"><span style=\"font-family: Times New Roman, serif; color: #ff0000;\"><span style=\"font-size: medium;\"><b>ADORACJA NAJ\u015aWI\u0118TSZEGO SAKRAMENTU<\/b><\/span><\/span><\/p><p style=\"text-align: center;\" align=\"JUSTIFY\"><span style=\"font-family: Times New Roman,serif;\"><span style=\"font-size: medium;\">KO\u015aCI\u00d3\u0141 FARNY \u2013 Kaplica Krzy\u017ca \u015awi\u0119tego: od 8.30 do 18.15<\/span><\/span><\/p><p style=\"text-align: center;\" align=\"JUSTIFY\"><span style=\"color: #ff0000;\"><b><span style=\"font-family: Times New Roman,serif;\"><span style=\"font-size: medium;\">NABO\u017bE\u0143STWA CA\u0141OROCZNE<\/span><\/span><\/b><\/span><\/p><p style=\"text-align: center;\" align=\"JUSTIFY\"><strong><span style=\"font-family: Times New Roman,serif;\"><span style=\"font-size: medium;\">NOWENNA DO MATKI BO\u017bEJ NIEUSTAJ\u0104CEJ POMOCY<\/span><\/span><\/strong><\/p><p style=\"text-align: center;\" align=\"JUSTIFY\"><span style=\"font-family: Times New Roman,serif;\"><span style=\"font-size: medium;\">\u015aroda, 18.00<\/span><\/span><\/p><p style=\"text-align: center;\" align=\"JUSTIFY\"><strong><span style=\"font-family: Times New Roman,serif;\"><span style=\"font-size: medium;\">GODZINKI KU CZCI NMP<\/span><\/span><\/strong><\/p><p style=\"text-align: center;\" align=\"JUSTIFY\"><span style=\"font-family: Times New Roman,serif;\"><span style=\"font-size: medium;\">Sobota, 6.00, (w Adwencie 5.50)<\/span><\/span><\/p><p style=\"text-align: center;\" align=\"JUSTIFY\"><strong><span style=\"font-family: Times New Roman,serif;\"><span style=\"font-size: medium;\">NABO\u017bE\u0143STWO WYNAGRADZAJ\u0104CE NIEPOKALANEMU SERCU NMP<\/span><\/span><\/strong><\/p><p style=\"text-align: center;\" align=\"JUSTIFY\"><strong><span style=\"font-family: Times New Roman,serif;\"><span style=\"font-size: medium;\">I sobota miesi\u0105ca, po Mszy \u015bw. o godz. 18.30<\/span><\/span><\/strong><\/p><p style=\"text-align: center;\" align=\"JUSTIFY\"><strong><span style=\"font-family: Times New Roman,serif;\"><span style=\"font-size: medium;\">ADORACJA NAJ\u015aWI\u0118TSZEGO SAKRAMENTU I MODLITWA W INTENCJI POKOJU<\/span><\/span><\/strong><\/p><p style=\"text-align: center;\" align=\"JUSTIFY\"><span style=\"font-family: Times New Roman,serif;\"><span style=\"font-size: medium;\">III pi\u0105tek miesi\u0105ca, po Mszy \u015bw. o godz. 18.30<\/span><\/span><\/p><p style=\"text-align: center;\" align=\"JUSTIFY\"><span style=\"color: #ff0000;\"><b><span style=\"font-family: Times New Roman,serif;\"><span style=\"font-size: medium;\">NABO\u017bE\u0143STWA OKRESOWE<\/span><\/span><\/b><\/span><\/p><p style=\"text-align: center;\" align=\"JUSTIFY\"><strong><span style=\"font-family: Times New Roman,serif;\"><span style=\"font-size: medium;\">NABO\u017bE\u0143STWA FATIMSKIE<\/span><\/span><\/strong><\/p><p style=\"text-align: center;\" align=\"JUSTIFY\"><span style=\"font-family: Times New Roman,serif;\"><span style=\"font-size: medium;\">Ka\u017cdego 13 dnia miesi\u0105ca po Mszy \u015bw. o godz. 8.00 w Kaplicy Krzy\u017ca \u015awi\u0119tego \u2013 Wielka Nowenna Fatimska; Od maja do pa\u017adziernika po Mszy \u015bw. o godz. 18.30 \u2013 r\u00f3\u017caniec fatimski wok\u00f3\u0142 Ko\u015bcio\u0142a farnego<\/span><\/span><\/p><p style=\"text-align: center;\" align=\"JUSTIFY\"><strong><span style=\"font-family: Times New Roman,serif;\"><span style=\"font-size: medium;\">R\u00d3\u017bANIEC (pa\u017adziernik)<\/span><\/span><\/strong><b> <\/b><\/p><p style=\"text-align: center;\" align=\"JUSTIFY\"><span style=\"font-family: Times New Roman,serif;\"><span style=\"font-size: medium;\">&#8211;<\/span><\/span><b> <\/b><span style=\"font-family: Times New Roman,serif;\"><span style=\"font-size: medium;\">w Farze<\/span><\/span><span style=\"font-family: Times New Roman,serif;\"><span style=\"font-size: medium;\"><b> dla dzieci <\/b><\/span><\/span><span style=\"font-family: Times New Roman,serif;\"><span style=\"font-size: medium;\">od poniedzia\u0142ku do pi\u0105tku o godz. 17.00; <\/span><\/span><\/p><p style=\"text-align: center;\" align=\"JUSTIFY\"><span style=\"font-family: Times New Roman,serif;\"><span style=\"font-size: medium;\">&#8211; w Farze <\/span><\/span><span style=\"font-family: Times New Roman,serif;\"><span style=\"font-size: medium;\"><b>dla doros\u0142ych<\/b><\/span><\/span><span style=\"font-family: Times New Roman,serif;\"><span style=\"font-size: medium;\"> codziennie o godz. 18.00.<\/span><\/span><\/p><p style=\"text-align: center;\" align=\"JUSTIFY\"><strong><span style=\"font-family: Times New Roman,serif;\"><span style=\"font-size: medium;\">NABO\u017bE\u0143STWO MAJOWE<\/span><\/span><\/strong><\/p><p style=\"text-align: center;\" align=\"JUSTIFY\"><span style=\"font-family: Times New Roman,serif;\"><span style=\"font-size: medium;\">&#8211; w Farze<\/span><\/span><b> <\/b><span style=\"font-family: Times New Roman,serif;\"><span style=\"font-size: medium;\">o godz. 18.15.<\/span><\/span><\/p><p style=\"text-align: center;\" align=\"JUSTIFY\"><strong><span style=\"font-family: Times New Roman,serif;\"><span style=\"font-size: medium;\">NABO\u017bE\u0143STWO CZERWCOWE<\/span><\/span><\/strong><\/p><p style=\"text-align: center;\" align=\"JUSTIFY\"><span style=\"font-family: Times New Roman,serif;\"><span style=\"font-size: medium;\">&#8211; w Farze<\/span><\/span><b> <\/b><span style=\"font-family: Times New Roman,serif;\"><span style=\"font-size: medium;\">o godz. 18.15.<\/span><\/span><\/p><p style=\"text-align: center;\" align=\"JUSTIFY\"><strong><span style=\"font-family: Times New Roman,serif;\"><span style=\"font-size: medium;\">RORATY<\/span><\/span><\/strong><\/p><p style=\"text-align: center;\" align=\"JUSTIFY\"><span style=\"font-family: Times New Roman,serif;\"><span style=\"font-size: medium;\">&#8211; 6.15 \u2013 dla doros\u0142ych i m\u0142odzie\u017cy;<\/span><\/span><\/p><p style=\"text-align: center;\" align=\"JUSTIFY\"><span style=\"font-family: Times New Roman,serif;\"><span style=\"font-size: medium;\">&#8211; 17.00 \u2013 z udzia\u0142em dzieci.<\/span><\/span><\/p><p style=\"text-align: center;\" align=\"JUSTIFY\"><strong><span style=\"font-family: Times New Roman,serif;\"><span style=\"font-size: medium;\">GORZKIE \u017bALE<\/span><\/span><\/strong><b> <\/b><\/p><p style=\"text-align: center;\" align=\"JUSTIFY\"><span style=\"font-family: Times New Roman,serif;\"><span style=\"font-size: medium;\">w Farze w ka\u017cd\u0105 niedziel\u0119 Wielkiego Postu o godz. 17.30.<\/span><\/span><\/p><p style=\"text-align: center;\" align=\"JUSTIFY\"><strong><span style=\"font-family: Times New Roman,serif;\"><span style=\"font-size: medium;\">DROGA KRZY\u017bOWA<\/span><\/span><\/strong><\/p><p style=\"text-align: center;\" align=\"JUSTIFY\"><span style=\"font-family: Times New Roman,serif;\"><span style=\"font-size: medium;\">&#8211; w Farze <\/span><\/span><span style=\"font-family: Times New Roman,serif;\"><span style=\"font-size: medium;\"><b>dla dzieci o godz. 17.00;<\/b><\/span><\/span><\/p><p style=\"text-align: center;\" align=\"JUSTIFY\"><span style=\"font-family: Times New Roman,serif;\"><span style=\"font-size: medium;\"><b>&#8211; <\/b><\/span><\/span><span style=\"font-family: Times New Roman,serif;\"><span style=\"font-size: medium;\">w Farze <\/span><\/span><span style=\"font-family: Times New Roman,serif;\"><span style=\"font-size: medium;\"><b>dla doros\u0142ych<\/b><\/span><\/span><span style=\"font-family: Times New Roman,serif;\"><span style=\"font-size: medium;\"> o godz. 18.00;<\/span><\/span><\/p><p style=\"text-align: center;\" align=\"JUSTIFY\"><span style=\"font-family: Times New Roman,serif;\"><span style=\"font-size: medium;\">&#8211; w ko\u015bciele szkolnym <\/span><\/span><span style=\"font-family: Times New Roman,serif;\"><span style=\"font-size: medium;\"><b>dla m\u0142odzie\u017cy <\/b><\/span><\/span><span style=\"font-family: Times New Roman,serif;\"><span style=\"font-size: medium;\">o godz. 19.30.<\/span><\/span><\/p>\t\t\t\t\t\t<\/div>\n\t\t\t\t<\/div>\n\t\t\t\t\t<\/div>\n\t\t<\/div>\n\t\t\t\t\t<\/div>\n\t\t<\/section>\n\t\t\t\t<\/div>\n\t\t","protected":false},"excerpt":{"rendered":"<p>PORZ\u0104DEK NABO\u017bE\u0143STW MSZE \u015aWI\u0118TE W NIEDZIEL\u0118 KO\u015aCI\u00d3\u0141 FARNY: 6.30, 8.00, 9.30, 11.00, 12.15, 18.30 KO\u015aCI\u00d3\u0141 SZKOLNY: 8.30, 10.00, 11.30 SPOWIED\u0179 \u015aWI\u0118TA: Przed i podczas ka\u017cdej Mszy \u015aw. (opr\u00f3cz Mszy \u015bw. w niedziel\u0119 o godz. 11.00 i Mszy \u015bw. w ko\u015bciele szkolnym); dodatkowo w I pi\u0105tek miesi\u0105ca o godz. 16.30, w ka\u017cd\u0105 \u015brod\u0119 w godz. od [&hellip;]<\/p>\n","protected":false},"author":1,"featured_media":0,"parent":0,"menu_order":0,"comment_status":"closed","ping_status":"closed","template":"elementor_header_footer","meta":{"footnotes":""},"_links":{"self":[{"href":"http:\/\/www.farabrodnica.pl\/wordpress\/wp-json\/wp\/v2\/pages\/17"}],"collection":[{"href":"http:\/\/www.farabrodnica.pl\/wordpress\/wp-json\/wp\/v2\/pages"}],"about":[{"href":"http:\/\/www.farabrodnica.pl\/wordpress\/wp-json\/wp\/v2\/types\/page"}],"author":[{"embeddable":true,"href":"http:\/\/www.farabrodnica.pl\/wordpress\/wp-json\/wp\/v2\/users\/1"}],"replies":[{"embeddable":true,"href":"http:\/\/www.farabrodnica.pl\/wordpress\/wp-json\/wp\/v2\/comments?post=17"}],"version-history":[{"count":8,"href":"http:\/\/www.farabrodnica.pl\/wordpress\/wp-json\/wp\/v2\/pages\/17\/revisions"}],"predecessor-version":[{"id":3395,"href":"http:\/\/www.farabrodnica.pl\/wordpress\/wp-json\/wp\/v2\/pages\/17\/revisions\/3395"}],"wp:attachment":[{"href":"http:\/\/www.farabrodnica.pl\/wordpress\/wp-json\/wp\/v2\/media?parent=17"}],"curies":[{"name":"wp","href":"https:\/\/api.w.org\/{rel}","templated":true}]}}