{"id":142,"date":"2016-12-19T04:01:43","date_gmt":"2016-12-19T03:01:43","guid":{"rendered":"http:\/\/www.farabrodnica.pl\/wordpress\/?page_id=142"},"modified":"2026-04-04T17:44:31","modified_gmt":"2026-04-04T15:44:31","slug":"intencje","status":"publish","type":"page","link":"http:\/\/www.farabrodnica.pl\/wordpress\/intencje\/","title":{"rendered":"INTENCJE"},"content":{"rendered":"\t\t<div data-elementor-type=\"wp-page\" data-elementor-id=\"142\" class=\"elementor elementor-142\" data-elementor-post-type=\"page\">\n\t\t\t\t\t\t<section class=\"elementor-section elementor-top-section elementor-element elementor-element-8ff6fef elementor-section-boxed elementor-section-height-default elementor-section-height-default\" data-id=\"8ff6fef\" data-element_type=\"section\" data-settings=\"{&quot;_ha_eqh_enable&quot;:false}\">\n\t\t\t\t\t\t<div class=\"elementor-container elementor-column-gap-default\">\n\t\t\t\t\t<div class=\"elementor-column elementor-col-100 elementor-top-column elementor-element elementor-element-ad4b59c\" data-id=\"ad4b59c\" data-element_type=\"column\">\n\t\t\t<div class=\"elementor-widget-wrap elementor-element-populated\">\n\t\t\t\t\t\t<div class=\"elementor-element elementor-element-08d1646 elementor-widget elementor-widget-text-editor\" data-id=\"08d1646\" data-element_type=\"widget\" data-widget_type=\"text-editor.default\">\n\t\t\t\t<div class=\"elementor-widget-container\">\n\t\t\t\t\t\t\t<p>\u00a0<\/p><table style=\"font-weight: 400; width: 775px;\"><tbody><tr style=\"height: 56px;\"><td style=\"width: 750px; height: 56px;\" colspan=\"3\"><p><span style=\"color: #ff0000;\"><strong>INTENCJE MSZALNE 30.03.2026 \u2013 05.04.2026<\/strong><\/span><\/p><\/td><\/tr><tr style=\"height: 96px;\"><td style=\"width: 110px; height: 208px;\" rowspan=\"3\"><p><span style=\"color: #ff0000;\"><strong>Sobota<\/strong><\/span><\/p><p><span style=\"color: #ff0000;\"><strong>04.04.2026<\/strong><\/span><\/p><p><span style=\"color: #ff0000;\"><strong>\u00a0<\/strong><\/span><\/p><\/td><td style=\"width: 640px; text-align: left; height: 96px;\" colspan=\"2\"><p style=\"text-align: center;\"><span style=\"color: #ff0000;\"><strong>WIELKA SOBOTA<\/strong><\/span><\/p><p style=\"text-align: center;\"><span style=\"color: #ff0000;\"><strong>20:00<\/strong><\/span><\/p><\/td><\/tr><tr style=\"height: 56px;\"><td style=\"width: 10px; height: 56px;\"><p>20:00<\/p><\/td><td style=\"width: 630px; height: 56px;\"><p>+ Marlena Drozdowska z okazji rocznicy urodzin, Roman Drozdowski<\/p><\/td><\/tr><tr style=\"height: 56px;\"><td style=\"width: 10px; height: 56px;\"><p>20:00<\/p><\/td><td style=\"width: 630px; height: 56px;\"><p>+ Arkadiusz Fogel \u2013 intencja od matki chrzestnej<\/p><\/td><\/tr><tr style=\"height: 56px;\"><td style=\"width: 110px; height: 56px;\"><p>\u00a0<\/p><\/td><td style=\"width: 10px; height: 56px;\"><p>20:00<\/p><\/td><td style=\"width: 630px; height: 56px;\"><p>+ Kazimierz P\u0142otkowski o dar nieba<\/p><\/td><\/tr><tr style=\"height: 80px;\"><td style=\"width: 110px; height: 80px;\"><p>\u00a0<\/p><\/td><td style=\"width: 10px; height: 80px;\"><p>20:00<\/p><\/td><td style=\"width: 630px; height: 80px;\"><p>+ Janina Nowak w 26 rocznic\u0119 \u015bmierci, Edward Nowak w 24 rocznic\u0119 \u015bmierci, Iwona Nowak<\/p><\/td><\/tr><tr style=\"height: 56px;\"><td style=\"width: 110px; height: 56px;\"><p>\u00a0<\/p><\/td><td style=\"width: 10px; height: 56px;\"><p>20:00<\/p><\/td><td style=\"width: 630px; height: 56px;\"><p>+ Jacek Szrull o Mi\u0142osierdzie Bo\u017ce i dar \u017cycia wiecznego<\/p><\/td><\/tr><tr style=\"height: 56px;\"><td style=\"width: 110px; height: 712px;\" rowspan=\"11\"><p><span style=\"color: #ff0000;\"><strong>Niedziela <\/strong><\/span><\/p><p><span style=\"color: #ff0000;\"><strong>05.04.2026<\/strong><\/span><\/p><p><span style=\"color: #ff0000;\"><strong>WIELKANOC<\/strong><\/span><\/p><\/td><td style=\"width: 10px; height: 56px;\"><p>6:00<\/p><\/td><td style=\"width: 630px; height: 56px;\"><p>+ Stefania i J\u00f3zef Sobierajscy, Krystyna i Stanis\u0142aw Krajnik, Marek Krajnik<\/p><\/td><\/tr><tr style=\"height: 80px;\"><td style=\"width: 10px; height: 80px;\"><p>8:00<\/p><\/td><td style=\"width: 630px; height: 80px;\"><p>+ Barbara i Stanis\u0142aw Petrykowscy, J\u00f3zef Petrykowski, Maryla, Henryk Klonowscy, Marianna, Tadeusz Mieczewscy<\/p><\/td><\/tr><tr style=\"height: 80px;\"><td style=\"width: 10px; height: 80px;\"><p>8:00<\/p><\/td><td style=\"width: 630px; height: 80px;\"><p>Dzi\u0119kczynna z okazji 65 rocznicy \u015blubu Marianny i Bronis\u0142awa Plaga z pro\u015bb\u0105 o dalsze Bo\u017ce B\u0142ogos\u0142awie\u0144stwo dla Jubilat\u00f3w i ich dzieci z rodzinami<\/p><\/td><\/tr><tr style=\"height: 56px;\"><td style=\"width: 10px; height: 56px;\"><p>9:30<\/p><\/td><td style=\"width: 630px; height: 56px;\"><p>+ Urszula Stefa\u0144ska w 5 rocznic\u0119 \u015bmierci \u2013 intencja od m\u0119\u017ca i syn\u00f3w z rodzinami<\/p><\/td><\/tr><tr style=\"height: 56px;\"><td style=\"width: 10px; height: 56px;\"><p>11:00<\/p><\/td><td style=\"width: 630px; height: 56px;\"><p>+ Renata Twardowska i jej m\u0105\u017c Alfred, ich syn Tomasz oraz rodzice z obojga stron<\/p><\/td><\/tr><tr style=\"height: 80px;\"><td style=\"width: 10px; height: 80px;\"><p>12:15<\/p><\/td><td style=\"width: 630px; height: 80px;\"><p>+ Stefan Spychalski w 2 rocznic\u0119 \u015bmierci i zmarli z rodziny Stety\u0144skich i Spychalskich<\/p><\/td><\/tr><tr style=\"height: 80px;\"><td style=\"width: 10px; height: 80px;\"><p>18:30<\/p><\/td><td style=\"width: 630px; height: 80px;\"><p>+ Jadwiga i Rajmund Wajner z okazji rocznicy urodzin, dziadkowie z obojga stron, Krystyna i Boles\u0142aw Karolewscy, Krystyna Wajner i J\u00f3zef Mi\u0119tkiewicz<\/p><\/td><\/tr><tr style=\"height: 56px;\"><td style=\"width: 10px; height: 56px;\"><p>\u00a0<\/p><\/td><td style=\"width: 630px; height: 56px;\"><p><strong>KOSCI\u00d3\u0141 SZKOLNY<\/strong><\/p><\/td><\/tr><tr style=\"height: 56px;\"><td style=\"width: 10px; height: 56px;\"><p>8:30<\/p><\/td><td style=\"width: 630px; height: 56px;\"><p>+ Ryszard z okazji imienin \u2013 intencja od \u017cony i dzieci<\/p><\/td><\/tr><tr style=\"height: 56px;\"><td style=\"width: 10px; height: 56px;\"><p>10:00<\/p><\/td><td style=\"width: 630px; height: 56px;\"><p>+ Roman Warlikowski i rodzice W\u0142adys\u0142awa i Witold Warlikowscy<\/p><\/td><\/tr><tr style=\"height: 56px;\"><td style=\"width: 10px; height: 56px;\"><p>11:30<\/p><\/td><td style=\"width: 630px; height: 56px;\"><p style=\"text-align: left;\">+ Alfred Teska w 20 rocznic\u0119 \u015bmierci<\/p><\/td><\/tr><\/tbody><\/table><table style=\"font-weight: 400;\" width=\"775\"><tbody><tr><td colspan=\"3\" width=\"775\"><p><strong>INTENCJE MSZALNE 06.04.2026 \u2013 12.04.2026<\/strong><\/p><\/td><\/tr><tr><td rowspan=\"10\" width=\"95\"><p><strong>Poniedzia\u0142ek<\/strong><\/p><p><strong>06.04.2026<\/strong><\/p><\/td><td width=\"57\"><p>6:30<\/p><\/td><td width=\"624\"><p>+ Pawe\u0142, Emilia, Walenty G\u0142ogowscy, Ryszard Komorowski, Zofia i J\u00f3zef Mendat<\/p><\/td><\/tr><tr><td width=\"57\"><p>8:00<\/p><\/td><td width=\"624\"><p>+ Henryka i Jan Byli\u0144scy, Maryla Szpakowska<\/p><\/td><\/tr><tr><td width=\"57\"><p>9:30<\/p><\/td><td width=\"624\"><p>+ Bo\u017cena Michalska<\/p><\/td><\/tr><tr><td width=\"57\"><p>11:00<\/p><\/td><td width=\"624\"><p>+ Danuta Czarnecka, J\u00f3zefa Czarnecka i Roman Czarnecki<\/p><\/td><\/tr><tr><td width=\"57\"><p>12:15<\/p><\/td><td width=\"624\"><p>+ Kazimierz Gajda i J\u00f3zef Piotrowski oraz rodzice z obojga stron<\/p><\/td><\/tr><tr><td width=\"57\"><p>18:30<\/p><\/td><td width=\"624\"><p>+ Cezary Krajnik w 11 rocznic\u0119 \u015bmierci, Kazimierz Krajnik, rodzice Marianna i Bronis\u0142aw Jurkiewicz<\/p><\/td><\/tr><tr><td width=\"57\"><p>\u00a0<\/p><\/td><td width=\"624\"><p>Ko\u015bci\u00f3\u0142 Szkolny<\/p><\/td><\/tr><tr><td width=\"57\"><p>8:30<\/p><\/td><td width=\"624\"><p>+ Kazimiera i Aleksander Si\u0142akowscy, Gra\u017cyna i Zdzis\u0142aw Sliwi\u0144scy, Stanis\u0142awa i Franciszek Kulwiccy, Daniela i Stefan Przeczewscy<\/p><\/td><\/tr><tr><td width=\"57\"><p>10:00<\/p><\/td><td width=\"624\"><p>+ Helena i Kazimierz Klonowscy, ich syn Marek i dziadkowie z obojga stron<\/p><\/td><\/tr><tr><td width=\"57\"><p>18:30<\/p><\/td><td width=\"624\"><p>+ Maria Bara\u0144ska w 23 rocznic\u0119 \u015bmierci, Jan w 18 rocznic\u0119 \u015bmierci i Stanis\u0142awa Belka<\/p><\/td><\/tr><tr><td rowspan=\"8\" width=\"95\"><p>Wtorek<\/p><p>07.04.2026<\/p><\/td><td width=\"57\"><p>6:30<\/p><\/td><td width=\"624\"><p>Z okazji 35 rocznicy \u015blubu Edyty i Mieczys\u0142awa, w podzi\u0119kowaniu za otrzymane \u0142aski z pro\u015bb\u0105 o dalsze Bo\u017ce B\u0142ogos\u0142awie\u0144stwo i opiek\u0119 Matki Bo\u017cej<\/p><\/td><\/tr><tr><td width=\"57\"><p>6:30<\/p><\/td><td width=\"624\"><p>+ Jan G\u0142owaczewski w 1 rocznic\u0119 \u015bmierci<\/p><\/td><\/tr><tr><td width=\"57\"><p>7:00<\/p><\/td><td width=\"624\"><p>+ Zofia i Tadeusz G\u00f3rtatowscy<\/p><\/td><\/tr><tr><td width=\"57\"><p>7:00<\/p><\/td><td width=\"624\"><p>+ Alicja Kaliszer z okazji rocznicy urodzin<\/p><\/td><\/tr><tr><td width=\"57\"><p>8:00<\/p><\/td><td width=\"624\"><p>+ Eugeniusz Korpusik w rocznic\u0119 urodzin<\/p><\/td><\/tr><tr><td width=\"57\"><p>8:00<\/p><\/td><td width=\"624\"><p>+ M\u0105\u017c Zygmunt Murawski w 19 rocznic\u0119 \u015bmierci i rodzice z obojga stron<\/p><\/td><\/tr><tr><td width=\"57\"><p>18:30<\/p><\/td><td width=\"624\"><p>Dzi\u0119kczynna z okazji urodzin Karoliny z pro\u015bb\u0105 o dalsze Bo\u017ce B\u0142ogos\u0142awie\u0144stwo i opiek\u0119 Matki Bo\u017cej dla Jubilatki i jej rodziny<\/p><\/td><\/tr><tr><td width=\"57\"><p>18:30<\/p><\/td><td width=\"624\"><p>\u00a0+ Zbigniew Czaplicki w 19 rocznic\u0119 \u015bmierci, jego rodzice i zmarli z rodziny Defa\u0144skich<\/p><\/td><\/tr><tr><td rowspan=\"7\" width=\"95\"><p>\u015aroda<\/p><p>08.04.2026<\/p><\/td><td width=\"57\"><p>6:30<\/p><\/td><td width=\"624\"><p>Za dusze w czy\u015b\u0107cu cierpi\u0105ce<\/p><\/td><\/tr><tr><td width=\"57\"><p>6:30<\/p><\/td><td width=\"624\"><p>+ Bogumi\u0142 i Gra\u017cyna Gawczy\u0144scy<\/p><\/td><\/tr><tr><td width=\"57\"><p>7:00<\/p><\/td><td width=\"624\"><p>+ Agnieszka Cieczko w 4 rocznic\u0119 \u015bmierci<\/p><\/td><\/tr><tr><td width=\"57\"><p>7:00<\/p><\/td><td width=\"624\"><p>+ Rodzice \u0141ucja w 17 rocznic\u0119 \u015bmierci i Wincenty Klafta<\/p><\/td><\/tr><tr><td width=\"57\"><p>8:00<\/p><\/td><td width=\"624\"><p>+ Rodzice Klara i J\u00f3zef Jasi\u0144scy<\/p><\/td><\/tr><tr><td width=\"57\"><p>18:30<\/p><\/td><td width=\"624\"><p>+ Zofia Kucharczyk w rocznic\u0119 \u015bmierci, Edward Kucharczyk i zmarli z rodziny Kucharczyk\u00f3w i Truszczy\u0144skich<\/p><\/td><\/tr><tr><td width=\"57\"><p>18:30<\/p><\/td><td width=\"624\"><p>+ Stefan Michalski w 16 rocznic\u0119 \u015bmierci, Zofia, Stefania i Micha\u0142 Michalscy oraz zmarli z rodziny<\/p><\/td><\/tr><tr><td rowspan=\"8\" width=\"95\"><p>Czwartek<\/p><p>09.04.2026<\/p><p>\u00a0<\/p><\/td><td width=\"57\"><p>6:30<\/p><\/td><td width=\"624\"><p>+ Bronis\u0142awa, Alojzy, Maria Jareccy i Jan \u015arama<\/p><\/td><\/tr><tr><td width=\"57\"><p>6:30<\/p><\/td><td width=\"624\"><p>O Bo\u017ce B\u0142ogos\u0142awie\u0144stwo, Dary Ducha \u015awi\u0119tego i opiek\u0119 Matki Bo\u017cej na dalsze lata pos\u0142ugi kap\u0142a\u0144skiej dla Ks. Proboszcza Mariusza Stasiaka \u2013 intencja od wsp\u00f3lnot dzia\u0142aj\u0105cych w parafii<\/p><\/td><\/tr><tr><td width=\"57\"><p>7:00<\/p><\/td><td width=\"624\"><p>+ Rodzice Mieczys\u0142awa i Edward Seroczy\u0144scy oraz dziadkowie Nawroccy<\/p><\/td><\/tr><tr><td width=\"57\"><p>7:00<\/p><\/td><td width=\"624\"><p>+ Zbigniew Ma\u0142ek \u2013 intencja popogrzebowa<\/p><\/td><\/tr><tr><td width=\"57\"><p>8:00<\/p><\/td><td width=\"624\"><p>+ Katarzyna Koz\u0142owska w kolejn\u0105 rocznic\u0119 \u015bmierci<\/p><\/td><\/tr><tr><td width=\"57\"><p>8:00<\/p><\/td><td width=\"624\"><p>+ J\u00f3zef Taranowski w 6 rocznic\u0119 \u015bmierci, Jolanta \u017bywicka, Monika Lewandowska<\/p><\/td><\/tr><tr><td width=\"57\"><p>18:30<\/p><\/td><td width=\"624\"><p>+ W\u0142adys\u0142awa i Tadeusz Bara\u0144scy<\/p><\/td><\/tr><tr><td width=\"57\"><p>18:30<\/p><\/td><td width=\"624\"><p>+ Krystian Brz\u00f3skiewicz, Klara i Alojzy Brz\u00f3skiewicz, Boles\u0142aw Nykel, Remigiusz Ciechacki<\/p><p>\u00a0<\/p><\/td><\/tr><tr><td rowspan=\"7\" width=\"95\"><p>Pi\u0105tek<\/p><p>10.04.2026<\/p><p>\u00a0<\/p><\/td><td width=\"57\"><p>6:30<\/p><\/td><td width=\"624\"><p>O nawr\u00f3cenie, uzdrowienie duszy i cia\u0142a w ca\u0142ej rodzinie ofiarodawcy<\/p><\/td><\/tr><tr><td width=\"57\"><p>6:30<\/p><\/td><td width=\"624\"><p>+ Zbigniew Luli\u0144ski w 5 rocznic\u0119 \u015bmierci<\/p><\/td><\/tr><tr><td width=\"57\"><p>7:00<\/p><\/td><td width=\"624\"><p>+ Alfreda i Antoni Gr\u0105\u017cawscy, Urszula i Marian \u0141anieccy<\/p><\/td><\/tr><tr><td width=\"57\"><p>7:00<\/p><\/td><td width=\"624\"><p>+ \u017bona Wies\u0142awa Angowska w 10 rocznic\u0119 \u015bmierci, brat Jan, rodzice z obojga stron, dziadkowie i babcie<\/p><\/td><\/tr><tr><td width=\"57\"><p>8:00<\/p><\/td><td width=\"624\"><p>+ Teresa Karwaszewska w 15 rocznic\u0119 \u015bmierci<\/p><\/td><\/tr><tr><td width=\"57\"><p>8:00<\/p><\/td><td width=\"624\"><p>+ Rodzice Barbara i Jerzy G\u0142owaccy<\/p><\/td><\/tr><tr><td width=\"57\"><p>18:30<\/p><\/td><td width=\"624\"><p>1.\u00a0\u00a0\u00a0 + Rodzice i brat Adam Modrzy\u0144scy o dar \u017cycia wiecznego<\/p><p>2.\u00a0\u00a0\u00a0 O Bo\u017ce B\u0142ogos\u0142awie\u0144stwo, zdrowie i potrzebne \u0142aski dla Henryki Szprenglewskiej z okazji 90 rocznicy urodzin i dla ca\u0142ej rodziny<\/p><p>3.\u00a0\u00a0\u00a0 + Daniela i Stefan Osi\u0144scy, Zofia i Gabriel Osi\u0144scy, Franciszek Pniewski i Petronela Margaszewska<\/p><p>4.\u00a0\u00a0\u00a0 + Tomasz Rumi\u0144ski w 2 rocznic\u0119 \u015bmierci, J\u00f3zef Roman Wi\u015bniewski<\/p><p>5.\u00a0\u00a0\u00a0 + Janina Polanowska \u2013 intencja od Pierwszej R\u00f3\u017cy \u017bywego R\u00f3\u017ca\u0144ca<\/p><p>6.\u00a0\u00a0\u00a0 + Jacek Szrull \u2013 intencja od kole\u017canek i koleg\u00f3w z targowiska<\/p><p>7.\u00a0\u00a0\u00a0 + Hanna Walter w 1 rocznic\u0119 \u015bmierci<\/p><p>8.\u00a0\u00a0\u00a0 + Jerzy G\u00f3rzycki w 23 rocznic\u0119 \u015bmierci<\/p><p>9.\u00a0\u00a0\u00a0 + Wies\u0142aw Kempczy\u0144ski w 26 rocznic\u0119 \u015bmierci, siostra El\u017cbieta Gulczy\u0144ska i rodzice z obojga stron<\/p><p>10. O zgod\u0119, mi\u0142o\u015b\u0107 i Bo\u017ce B\u0142ogos\u0142awie\u0144stwo w rodzinach naszych<\/p><p>11. + Jan Sobisz, Marcin \u0106wikli\u0144ski i Marian Lula<\/p><\/td><\/tr><tr><td rowspan=\"6\" width=\"95\"><p>Sobota<\/p><p>11.04.2026<\/p><p>\u00a0<\/p><\/td><td width=\"57\"><p>6:30<\/p><\/td><td width=\"624\"><p>+ Zbigniew \u017bochowski \u2013 intencja popogrzebowa<\/p><\/td><\/tr><tr><td width=\"57\"><p>6:30<\/p><\/td><td width=\"624\"><p>O Bo\u017ce B\u0142ogos\u0142awie\u0144stwo i dar \u017cywej wiary dla dzieci Magdy i Zbyszka z rodzinami, Sylwii, Patryka i Marcina z rodzinami,\u00a0 Ani z rodzin\u0105, Karoliny z rodzin\u0105, Doroty, Mariusza z rodzinami, Jaros\u0142awa, Przemys\u0142awa i Joanny z rodzinami, Jakuba, Magdaleny, Piotra i Paw\u0142a z Mart\u0105<\/p><\/td><\/tr><tr><td width=\"57\"><p>7:00<\/p><\/td><td width=\"624\"><p>+ Zmarli z rodziny Szwarackich Apolonia, Wac\u0142aw, oraz ich dzieci<\/p><\/td><\/tr><tr><td width=\"57\"><p>7:00<\/p><\/td><td width=\"624\"><p>+ Maria Przyby\u015b \u2013 intencja popogrzebowa<\/p><\/td><\/tr><tr><td width=\"57\"><p>8:00<\/p><\/td><td width=\"624\"><p>1.\u00a0\u00a0\u00a0 + Mieczys\u0142aw Grabski<\/p><p>2.\u00a0\u00a0\u00a0 + Marek Szatkowski<\/p><p>3.\u00a0\u00a0\u00a0 + Jerzy i Urszula Jag\u0142a, dziadkowie i bracia Stencel, dziadkowie Jag\u0142a<\/p><\/td><\/tr><tr><td width=\"57\"><p>18:30<\/p><\/td><td width=\"624\"><p>+ Barbara Ma\u0142ecka w 1 rocznic\u0119 \u015bmierci i Stefan Ma\u0142ecki<\/p><\/td><\/tr><tr><td width=\"95\"><p>\u00a0<\/p><\/td><td width=\"57\"><p>18:30<\/p><\/td><td width=\"624\"><p>+ Janina i Konrad Zi\u00f3\u0142kowscy oraz zmarli z rodziny<\/p><\/td><\/tr><tr><td rowspan=\"10\" width=\"95\"><p>Niedziela<\/p><p>02.04.2026<\/p><\/td><td width=\"57\"><p>6:30<\/p><\/td><td width=\"624\"><p>+ Andrzej Tadajewski w 14 rocznic\u0119 \u015bmierci<\/p><\/td><\/tr><tr><td width=\"57\"><p>8:00<\/p><\/td><td width=\"624\"><p>O Bo\u017ce B\u0142ogos\u0142awie\u0144stwo i opiek\u0119 Matki Bo\u017cej dla cz\u0142onk\u00f3w grupy modlitewnej Czcicieli Mi\u0142osierdzia Bo\u017cego i ich rodzinami oraz za wszystkie wsp\u00f3lnoty parafii o jedno\u015b\u0107, mi\u0142o\u015b\u0107 wzajemn\u0105 i gorliwo\u015b\u0107 w pe\u0142nieniu Woli Bo\u017cej<\/p><\/td><\/tr><tr><td width=\"57\"><p>9:30<\/p><\/td><td width=\"624\"><p>+ Krzysztof Wili\u0144ski w 22 rocznic\u0119 \u015bmierci<\/p><\/td><\/tr><tr><td width=\"57\"><p>11:00<\/p><\/td><td width=\"624\"><p>+ Jan Kwiatkowski, Anna, Jan, Zdzis\u0142aw Kami\u0144scy<\/p><\/td><\/tr><tr><td width=\"57\"><p>12:15<\/p><\/td><td width=\"624\"><p>+ M\u0105\u017c Jan Longin Zelewski w 2 rocznic\u0119 \u015bmierci, rodze\u0144stwo Eugenia i Stanis\u0142aw oraz dziadkowie<\/p><\/td><\/tr><tr><td width=\"57\"><p>18:30<\/p><\/td><td width=\"624\"><p>+ Romana, Jan, Jerzy Gr\u0105dek oraz dziadkowie z obojga stron<\/p><\/td><\/tr><tr><td width=\"57\"><p>\u00a0<\/p><\/td><td width=\"624\"><p><strong>KOSCI\u00d3\u0141 SZKOLNY<\/strong><\/p><\/td><\/tr><tr><td width=\"57\"><p>8:30<\/p><\/td><td width=\"624\"><p>REZERWACJA<\/p><\/td><\/tr><tr><td width=\"57\"><p>10:00<\/p><\/td><td width=\"624\"><p>+ Boles\u0142aw Przedzi\u0119kowski w kolejn\u0105 rocznic\u0119 \u015bmierci oraz Zyta i Roman Przedzi\u0119kowscy<\/p><\/td><\/tr><tr><td width=\"57\"><p>11:30<\/p><\/td><td width=\"624\"><p>+ Irena Adelmann w 25 rocznic\u0119 \u015bmierci, Andrzej Ceg\u0142owski w 8 rocznic\u0119 \u015bmierci<\/p><\/td><\/tr><\/tbody><\/table>\t\t\t\t\t\t<\/div>\n\t\t\t\t<\/div>\n\t\t\t\t\t<\/div>\n\t\t<\/div>\n\t\t\t\t\t<\/div>\n\t\t<\/section>\n\t\t\t\t<\/div>\n\t\t","protected":false},"excerpt":{"rendered":"<p>\u00a0 INTENCJE MSZALNE 30.03.2026 \u2013 05.04.2026 Sobota 04.04.2026 \u00a0 WIELKA SOBOTA 20:00 20:00 + Marlena Drozdowska z okazji rocznicy urodzin, Roman Drozdowski 20:00 + Arkadiusz Fogel \u2013 intencja od matki chrzestnej \u00a0 20:00 + Kazimierz P\u0142otkowski o dar nieba \u00a0 20:00 + Janina Nowak w 26 rocznic\u0119 \u015bmierci, Edward Nowak w 24 rocznic\u0119 \u015bmierci, Iwona [&hellip;]<\/p>\n","protected":false},"author":1,"featured_media":0,"parent":0,"menu_order":0,"comment_status":"closed","ping_status":"closed","template":"elementor_header_footer","meta":{"footnotes":""},"_links":{"self":[{"href":"http:\/\/www.farabrodnica.pl\/wordpress\/wp-json\/wp\/v2\/pages\/142"}],"collection":[{"href":"http:\/\/www.farabrodnica.pl\/wordpress\/wp-json\/wp\/v2\/pages"}],"about":[{"href":"http:\/\/www.farabrodnica.pl\/wordpress\/wp-json\/wp\/v2\/types\/page"}],"author":[{"embeddable":true,"href":"http:\/\/www.farabrodnica.pl\/wordpress\/wp-json\/wp\/v2\/users\/1"}],"replies":[{"embeddable":true,"href":"http:\/\/www.farabrodnica.pl\/wordpress\/wp-json\/wp\/v2\/comments?post=142"}],"version-history":[{"count":1085,"href":"http:\/\/www.farabrodnica.pl\/wordpress\/wp-json\/wp\/v2\/pages\/142\/revisions"}],"predecessor-version":[{"id":343920,"href":"http:\/\/www.farabrodnica.pl\/wordpress\/wp-json\/wp\/v2\/pages\/142\/revisions\/343920"}],"wp:attachment":[{"href":"http:\/\/www.farabrodnica.pl\/wordpress\/wp-json\/wp\/v2\/media?parent=142"}],"curies":[{"name":"wp","href":"https:\/\/api.w.org\/{rel}","templated":true}]}}